{"id":484,"date":"2024-01-30T09:59:52","date_gmt":"2024-01-30T09:59:52","guid":{"rendered":"https:\/\/beta.schielicke-bau.de\/?page_id=484"},"modified":"2026-04-28T11:00:35","modified_gmt":"2026-04-28T11:00:35","slug":"erfolgsgeschichte-sharp","status":"publish","type":"page","link":"https:\/\/www.schielicke-bau.de\/?page_id=484","title":{"rendered":"\u00ab Erfolgsgeschichte SHARP \u00bb"},"content":{"rendered":"\t\t<div data-elementor-type=\"wp-page\" data-elementor-id=\"484\" class=\"elementor elementor-484\" data-elementor-post-type=\"page\">\n\t\t\t\t<div class=\"elementor-element elementor-element-b37df4f e-flex e-con-boxed e-con e-parent\" data-id=\"b37df4f\" data-element_type=\"container\" data-e-type=\"container\">\n\t\t\t\t\t<div class=\"e-con-inner\">\n\t\t\t\t<div class=\"elementor-element elementor-element-102ef70 elementor-cta--skin-cover elementor-animated-content elementor-bg-transform elementor-bg-transform-zoom-in elementor-widget elementor-widget-call-to-action\" data-id=\"102ef70\" data-element_type=\"widget\" data-e-type=\"widget\" data-widget_type=\"call-to-action.default\">\n\t\t\t\t<div class=\"elementor-widget-container\">\n\t\t\t\t\t\t\t<div class=\"elementor-cta\">\n\t\t\t\t\t<div class=\"elementor-cta__bg-wrapper\">\n\t\t\t\t<div class=\"elementor-cta__bg elementor-bg\" style=\"background-image: url(https:\/\/www.schielicke-bau.de\/wp-content\/uploads\/2024\/01\/230503-0935-Sharp-Succsess-Story-s.00_02_48_04.Standbild005-1-1024x576.jpg);\" role=\"img\" aria-label=\"230503-0935-Sharp-Succsess-Story-s.00_02_48_04.Standbild005-1\"><\/div>\n\t\t\t\t<div class=\"elementor-cta__bg-overlay\"><\/div>\n\t\t\t<\/div>\n\t\t\t\t\t\t\t<div class=\"elementor-cta__content\">\n\t\t\t\t\n\t\t\t\t\t\t\t\t\t<h2 class=\"elementor-cta__title elementor-cta__content-item elementor-content-item elementor-animated-item--grow\">\n\t\t\t\t\t\tDigital mit SHARP\t\t\t\t\t<\/h2>\n\t\t\t\t\n\t\t\t\t\n\t\t\t\t\t\t\t<\/div>\n\t\t\t\t\t\t<\/div>\n\t\t\t\t\t\t<\/div>\n\t\t\t\t<\/div>\n\t\t\t\t\t<\/div>\n\t\t\t\t<\/div>\n\t\t<div class=\"elementor-element elementor-element-5786c4c e-flex e-con-boxed e-con e-parent\" data-id=\"5786c4c\" data-element_type=\"container\" data-e-type=\"container\">\n\t\t\t\t\t<div class=\"e-con-inner\">\n\t\t\t\t<div class=\"elementor-element elementor-element-7eb881a elementor-widget elementor-widget-text-editor\" data-id=\"7eb881a\" data-element_type=\"widget\" data-e-type=\"widget\" data-widget_type=\"text-editor.default\">\n\t\t\t\t<div class=\"elementor-widget-container\">\n\t\t\t\t\t\t\t\t\t<h5 dir=\"auto\">Moderne Technik trifft Tradition: Schielicke Bau und Sharp<\/h5>\n<p dir=\"auto\">Als innovatives Familienunternehmen setzen wir auf zukunftsweisende Technologien. In enger Partnerschaft mit <strong>Sharp<\/strong> haben wir unsere B\u00fcros und Konferenzr\u00e4ume mit gro\u00dfformatigen Video-Walls und interaktiven Touch-Displays ausgestattet.<\/p>\n<p dir=\"auto\">So holen wir die Baustelle direkt ins B\u00fcro: Echtzeit-Visualisierung per Drohne, gemeinsames Planen und Markieren auf gro\u00dfen Bildschirmen \u2013 f\u00fcr schnellere Abstimmungen, h\u00f6here Effizienz und beeindruckende Pr\u00e4sentationen.<\/p>\n<p dir=\"auto\"><strong>\u201eTechnik, die begeistert und echten Mehrwert schafft.\u201c<\/strong><\/p>\t\t\t\t\t\t\t\t<\/div>\n\t\t\t\t<\/div>\n\t\t\t\t\t<\/div>\n\t\t\t\t<\/div>\n\t\t<div class=\"elementor-element elementor-element-1038b4c e-flex e-con-boxed e-con e-parent\" data-id=\"1038b4c\" data-element_type=\"container\" data-e-type=\"container\">\n\t\t\t\t\t<div class=\"e-con-inner\">\n\t\t\t\t<div class=\"elementor-element elementor-element-eaef3ef elementor-widget elementor-widget-video\" data-id=\"eaef3ef\" data-element_type=\"widget\" data-e-type=\"widget\" data-settings=\"{&quot;youtube_url&quot;:&quot;https:\\\/\\\/youtu.be\\\/LFZgZRvsmwE&quot;,&quot;video_type&quot;:&quot;youtube&quot;,&quot;controls&quot;:&quot;yes&quot;}\" data-widget_type=\"video.default\">\n\t\t\t\t<div class=\"elementor-widget-container\">\n\t\t\t\t\t\t\t<div class=\"elementor-wrapper elementor-open-inline\">\n\t\t\t<div class=\"elementor-video\"><\/div>\t\t<\/div>\n\t\t\t\t\t\t<\/div>\n\t\t\t\t<\/div>\n\t\t\t\t\t<\/div>\n\t\t\t\t<\/div>\n\t\t\t\t<\/div>\n\t\t","protected":false},"excerpt":{"rendered":"<p>Digital mit SHARP Moderne Technik trifft Tradition: Schielicke Bau und Sharp Als innovatives Familienunternehmen setzen wir auf zukunftsweisende Technologien. In enger Partnerschaft mit Sharp haben wir unsere B\u00fcros und Konferenzr\u00e4ume mit gro\u00dfformatigen Video-Walls und interaktiven Touch-Displays ausgestattet. So holen wir die Baustelle direkt ins B\u00fcro: Echtzeit-Visualisierung per Drohne, gemeinsames Planen und Markieren auf gro\u00dfen Bildschirmen [&hellip;]<\/p>\n","protected":false},"author":2,"featured_media":148,"parent":0,"menu_order":2,"comment_status":"closed","ping_status":"closed","template":"","meta":{"footnotes":""},"class_list":["post-484","page","type-page","status-publish","has-post-thumbnail","hentry"],"featured_image_url":{"thumbnail":"https:\/\/www.schielicke-bau.de\/wp-content\/uploads\/2023\/12\/Logo_mawa_design-150x150.png","medium":"https:\/\/www.schielicke-bau.de\/wp-content\/uploads\/2023\/12\/Logo_mawa_design-300x300.png","medium_large":"https:\/\/www.schielicke-bau.de\/wp-content\/uploads\/2023\/12\/Logo_mawa_design-768x768.png","large":"https:\/\/www.schielicke-bau.de\/wp-content\/uploads\/2023\/12\/Logo_mawa_design-1024x1024.png","1536x1536":"https:\/\/www.schielicke-bau.de\/wp-content\/uploads\/2023\/12\/Logo_mawa_design.png","2048x2048":"https:\/\/www.schielicke-bau.de\/wp-content\/uploads\/2023\/12\/Logo_mawa_design.png"},"post_author":"Linda Br\u00fcckelt","assigned_categories":"","_links":{"self":[{"href":"https:\/\/www.schielicke-bau.de\/index.php?rest_route=\/wp\/v2\/pages\/484","targetHints":{"allow":["GET"]}}],"collection":[{"href":"https:\/\/www.schielicke-bau.de\/index.php?rest_route=\/wp\/v2\/pages"}],"about":[{"href":"https:\/\/www.schielicke-bau.de\/index.php?rest_route=\/wp\/v2\/types\/page"}],"author":[{"embeddable":true,"href":"https:\/\/www.schielicke-bau.de\/index.php?rest_route=\/wp\/v2\/users\/2"}],"replies":[{"embeddable":true,"href":"https:\/\/www.schielicke-bau.de\/index.php?rest_route=%2Fwp%2Fv2%2Fcomments&post=484"}],"version-history":[{"count":68,"href":"https:\/\/www.schielicke-bau.de\/index.php?rest_route=\/wp\/v2\/pages\/484\/revisions"}],"predecessor-version":[{"id":5149,"href":"https:\/\/www.schielicke-bau.de\/index.php?rest_route=\/wp\/v2\/pages\/484\/revisions\/5149"}],"wp:featuredmedia":[{"embeddable":true,"href":"https:\/\/www.schielicke-bau.de\/index.php?rest_route=\/wp\/v2\/media\/148"}],"wp:attachment":[{"href":"https:\/\/www.schielicke-bau.de\/index.php?rest_route=%2Fwp%2Fv2%2Fmedia&parent=484"}],"curies":[{"name":"wp","href":"https:\/\/api.w.org\/{rel}","templated":true}]}}